{"id":16,"date":"2024-07-09T18:20:28","date_gmt":"2024-07-09T16:20:28","guid":{"rendered":"http:\/\/www.aneasante.fr\/?page_id=16"},"modified":"2024-09-18T13:17:36","modified_gmt":"2024-09-18T11:17:36","slug":"nos-offres","status":"publish","type":"page","link":"http:\/\/www.aneasante.fr\/index.php\/nos-offres\/","title":{"rendered":"Nos offres"},"content":{"rendered":"\n<h1 class=\"wp-block-heading\"><br>Nos offres<\/h1>\n\n\n\n<div class=\"wp-block-columns is-layout-flex wp-container-core-columns-is-layout-9d6595d7 wp-block-columns-is-layout-flex\">\n<div class=\"wp-block-column is-layout-flow wp-block-column-is-layout-flow\">\n<p class=\"has-background\" style=\"background-color:#c5deb5; border-radius:10px; text-align:center;\">Vous \u00eates convaincu des bienfaits de la sant\u00e9 \u00e0 domicile \ud83d\udc69\u200d\u2695\ufe0f<\/p>\n<\/div>\n\n\n\n<div class=\"wp-block-column is-layout-flow wp-block-column-is-layout-flow\">\n<p class=\"has-background\" style=\"background-color:#c5deb5; border-radius:10px; text-align:center;\">Vous appr\u00e9ciez le travail <\/br>en \u00e9quipe \ud83e\udd1d<\/p>\n<\/div>\n\n\n\n<div class=\"wp-block-column is-layout-flow wp-block-column-is-layout-flow\">\n<p class=\"has-background\" style=\"background-color:#c5deb5; border-radius:10px; text-align:center;\">Vous \u00eates attach\u00e9 \u00e0 la qualit\u00e9 des soins \ud83e\uddd8\u200d\u2642\ufe0f<\/p>\n<\/div>\n<\/div>\n\n\n\n<div class=\"wp-block-columns is-layout-flex wp-container-core-columns-is-layout-9d6595d7 wp-block-columns-is-layout-flex\">\n<div class=\"wp-block-column is-layout-flow wp-block-column-is-layout-flow\">\n<p class=\"has-background\" style=\"background-color:#c5deb5; border-radius:10px; text-align:center;\">Pr\u00eat \u00e0 \u00e0 assumer plus de responsabilit\u00e9s ? \ud83d\ude80<\/p>\n<\/div>\n\n\n\n<div class=\"wp-block-column is-layout-flow wp-block-column-is-layout-flow\">\n<p class=\"has-background\" style=\"background-color:#c5deb5; border-radius:10px; text-align:center;\">Vous r\u00eavez de <br>plus d\u2019autonomie ? \ud83c\udf89<\/p>\n<\/div>\n\n\n\n<div class=\"wp-block-column is-layout-flow wp-block-column-is-layout-flow\">\n<p class=\"has-background\" style=\"background-color:#c5deb5; border-radius:10px; text-align:center;\">Un projet entrepreneurial <br>vous fait vibrer ? \ud83d\udca1<\/p>\n<\/div>\n<\/div>\n\n\n\n<div class=\"wp-block-columns is-layout-flex wp-container-core-columns-is-layout-9d6595d7 wp-block-columns-is-layout-flex\">\n<div class=\"wp-block-column is-layout-flow wp-block-column-is-layout-flow\">\n<p class=\"has-background\" style=\"background-color:#c5deb5; border-radius:10px; text-align:center;\">Envie de changer de statut, de <br>tout chambouler ? \ud83d\udd04<\/p>\n<\/div>\n\n\n\n<div class=\"wp-block-column is-layout-flow wp-block-column-is-layout-flow\">\n<p class=\"has-background\" style=\"background-color:#c5deb5; border-radius:10px; text-align:center;\">Pr\u00eat \u00e0 tenter le tout pour le tout et <br>prendre des risques ? \ud83c\udfb2<\/p>\n<\/div>\n\n\n\n<div class=\"wp-block-column is-layout-flow wp-block-column-is-layout-flow\">\n<p class=\"has-background\" style=\"background-color:#c5deb5; border-radius:10px; text-align:center;\">Besoin de booster votre <br>niveau de vie ? \ud83d\udcb0<\/p>\n<\/div>\n<\/div>\n\n\n\n<p><br><strong>Chez ANEA, on est sur la m\u00eame longueur d&rsquo;onde !<\/strong><br>Ici, on ne fait pas les choses \u00e0 moiti\u00e9. On aime les d\u00e9fis, les grands projets, et surtout, on adore s&rsquo;amuser en travaillant. Venez d\u00e9couvrir les opportunit\u00e9s qui vous attendent pour construire ensemble un futur qui d\u00e9coiffe ! Chez nous, la bonne humeur, l&rsquo;esprit de famille, et l&rsquo;envie de se surpasser sont nos marques de fabrique. Alors, pr\u00eat \u00e0 embarquer dans l\u2019aventure ? \ud83d\ude09<\/p>\n\n\n\n<p><strong>FILIERE DEVELOPPEMENT<br><\/strong>Rejoindre ANEA est la promesse d\u2019\u00e9voluer dans une soci\u00e9t\u00e9 stimulante, avec l\u2019ambition d\u2019un grand groupe et le mode de fonctionnement d\u2019une start-up. <em>Le mod\u00e8le de r\u00e9mun\u00e9ration variable non plafonn\u00e9 et bas\u00e9 sur votre performance individuelle est sup\u00e9rieur aux pratiques du march\u00e9<\/em><\/p>\n\n\n\n<p class=\"has-white-color has-text-color has-background has-link-color wp-elements-111e3abcc183eb7253c7c10ebd10564f\" style=\"background-color:#b5c7e7\"><strong style=\"color:#70AC48;\">DELEGUE(E) HOSPITALIER(E) H\/F<br><\/strong>Il y a trois grades qui sont fonction de votre exp\u00e9rience et de votre performance\u00a0: Junior, Confirm\u00e9, S\u00e9nior. Le niveau de vos interlocuteurs et la complexit\u00e9 des offres \u00e0 promouvoir est croissant avec le niveau de votre grade. Notre syst\u00e8me pr\u00f4ne la m\u00e9ritocratie\u00a0: la promotion interne est possible chaque ann\u00e9e. <a href=\"https:\/\/www.aneasante.fr\/index.php\/contact\/\" data-type=\"page\" data-id=\"14\"><strong>APPRENONS \u00c0 SE CONNAITRE\u00a0!<\/strong><\/a><\/p>\n\n\n\n<p class=\"has-white-color has-text-color has-background has-link-color wp-elements-9a15e35e514ccb444433c6f2290ebe7f\" style=\"background-color:#b5c7e7\"><strong style=\"color:#70AC48;\">RESPONSABLE DEVELOPPEMENT H\/F<\/strong><br>Vous avez une exp\u00e9rience de D\u00e9l\u00e9gu\u00e9(e) Hospitalier(e) av\u00e9r\u00e9e et vous souhaitez vous constituer une \u00e9quipe dont vous allez assurer la r\u00e9ussite. Vous souhaitez \u00eatre force de proposition dans la mise en place d\u2019une strat\u00e9gie r\u00e9gionale. <a href=\"https:\/\/www.aneasante.fr\/index.php\/contact\/\" data-type=\"page\" data-id=\"14\"><strong>RENCONTRONS-NOUS !<\/strong><\/a><\/p>\n\n\n\n<p class=\"has-white-color has-text-color has-background has-link-color wp-elements-d5c9bfe86c864cc060a75b2da85e518a\" style=\"background-color:#b5c7e7\"><strong style=\"color:#70AC48;\">FONDATEUR &amp; RESPONSABLE D\u2019AGENCE H\/F<br><\/strong>Vous avez envie de cr\u00e9er une agence qui vous ressemble. Vous souhaitez gagner en libert\u00e9 d\u2019actions avec le soutien des fonctions supports d\u2019un groupe hyper dynamique. C\u2019est le moment de votre vie de vous d\u00e9fier et de vous assumer. Ce job est \u00e9galement ouvert aux actuels PSAD ind\u00e9pendants qui souhaite faire passer leur entreprise dans une dimension plus importante. <b><u><a href=\"https:\/\/www.aneasante.fr\/index.php\/contact\/\" data-type=\"page\" data-id=\"14\">DESSINONS ENSEMBLE UN CHEMIN DE COLLABORATION VERTUEUX\u00a0!<\/a><\/u><\/b><\/p>\n\n\n\n<p><strong>FILIERE COORDINATION<br><\/strong>Infirmier(e), Di\u00e9t\u00e9ticien(ne), M\u00e9dico-technicien(ne) collaborent et partagent leurs comp\u00e9tences garantir la qualit\u00e9 technique et relationnelle de la prise en charge du patient.<\/p>\n\n\n\n<p class=\"has-white-color has-text-color has-background has-link-color wp-elements-aeb6699b09a2acd19c776ee8c31d19ef\" style=\"background-color:#b5c7e7\"><strong style=\"color:#70AC48;\">IDEC H\/F<br><\/strong>Il y a trois grades qui sont fonction de votre exp\u00e9rience et de vos comp\u00e9tences&nbsp;: Junior, Confirm\u00e9, R\u00e9f\u00e9rent. Anea propose un partage de la r\u00e9ussite : une r\u00e9mun\u00e9ration variable tr\u00e8s attractive et lisible.<br>Nous r\u00e9mun\u00e9rons la file active car notre m\u00e9tier est de s\u2019occuper au mieux de nos patients.<br>L\u2019IDEC R\u00e9f\u00e9rent(e) est le contact privil\u00e9gi\u00e9 de l\u2019agence pour mettre en place et assurer le suivi des m\u00e9thodes de travail pluridisciplinaire.<\/p>\n\n\n\n<p><strong>Nos collaborateurs en parlent le mieux :<\/strong><\/p>\n\n\n\n<div class=\"wp-block-columns is-layout-flex wp-container-core-columns-is-layout-9d6595d7 wp-block-columns-is-layout-flex\">\n<div class=\"wp-block-column is-vertically-aligned-top is-layout-flow wp-block-column-is-layout-flow\">\n<ul class=\"wp-block-list\">\n<li>\ud83c\udfaf Ambition <\/li>\n\n\n\n<li>\ud83d\udd4a\ufe0f Libert\u00e9 <\/li>\n\n\n\n<li>\u2764\ufe0f Passion <\/li>\n\n\n\n<li>\ud83e\udd1d Intelligence collective<\/li>\n<\/ul>\n<\/div>\n\n\n\n<div class=\"wp-block-column is-vertically-aligned-center is-layout-flow wp-block-column-is-layout-flow\">\n<ul class=\"wp-block-list\">\n<li>\ud83c\udf1f Excellence <\/li>\n\n\n\n<li>\u2728 Simplicit\u00e9 <\/li>\n\n\n\n<li>\ud83e\udd32 Partage <\/li>\n\n\n\n<li>\ud83d\ude80 Esprit entrepreneurial<\/li>\n<\/ul>\n<\/div>\n\n\n\n<div class=\"wp-block-column is-vertically-aligned-center is-layout-flow wp-block-column-is-layout-flow\">\n<ul class=\"wp-block-list\">\n<li>\ud83d\udc42 \u00c9coute <\/li>\n\n\n\n<li>\ud83d\ude04 Bonne humeur<\/li>\n\n\n\n<li>\ud83d\udd13 Autonomie <\/li>\n\n\n\n<li>\ud83d\udee1\ufe0f Confiance <\/li>\n<\/ul>\n<\/div>\n<\/div>\n\n\n\n<p class=\"has-text-align-left\"><br><br><a href=\"https:\/\/www.linkedin.com\/company\/anea\" target=\"_blank\" rel=\"noreferrer noopener\"><img decoding=\"async\" class=\"wp-image-593\" style=\"width: 50px;\" src=\"http:\/\/www.aneasante.fr\/wp-content\/uploads\/2024\/09\/174857.png\" alt=\"\">   <strong>pour rester inform\u00e9 des actualit\u00e9s !<\/strong><\/a> <\/p>\n","protected":false},"excerpt":{"rendered":"<p>Nos offres Vous \u00eates convaincu des bienfaits de la sant\u00e9 \u00e0 domicile \ud83d\udc69\u200d\u2695\ufe0f Vous appr\u00e9ciez le travail en \u00e9quipe \ud83e\udd1d Vous \u00eates attach\u00e9 \u00e0 la qualit\u00e9 des soins \ud83e\uddd8\u200d\u2642\ufe0f Pr\u00eat \u00e0 \u00e0 assumer plus de responsabilit\u00e9s ? \ud83d\ude80 Vous r\u00eavez de plus d\u2019autonomie ? \ud83c\udf89 Un projet entrepreneurial vous fait vibrer ? \ud83d\udca1 Envie de [&hellip;]<\/p>\n","protected":false},"author":1,"featured_media":0,"parent":0,"menu_order":0,"comment_status":"closed","ping_status":"closed","template":"","meta":{"inline_featured_image":false,"footnotes":""},"class_list":["post-16","page","type-page","status-publish","hentry"],"_links":{"self":[{"href":"http:\/\/www.aneasante.fr\/index.php\/wp-json\/wp\/v2\/pages\/16","targetHints":{"allow":["GET"]}}],"collection":[{"href":"http:\/\/www.aneasante.fr\/index.php\/wp-json\/wp\/v2\/pages"}],"about":[{"href":"http:\/\/www.aneasante.fr\/index.php\/wp-json\/wp\/v2\/types\/page"}],"author":[{"embeddable":true,"href":"http:\/\/www.aneasante.fr\/index.php\/wp-json\/wp\/v2\/users\/1"}],"replies":[{"embeddable":true,"href":"http:\/\/www.aneasante.fr\/index.php\/wp-json\/wp\/v2\/comments?post=16"}],"version-history":[{"count":89,"href":"http:\/\/www.aneasante.fr\/index.php\/wp-json\/wp\/v2\/pages\/16\/revisions"}],"predecessor-version":[{"id":635,"href":"http:\/\/www.aneasante.fr\/index.php\/wp-json\/wp\/v2\/pages\/16\/revisions\/635"}],"wp:attachment":[{"href":"http:\/\/www.aneasante.fr\/index.php\/wp-json\/wp\/v2\/media?parent=16"}],"curies":[{"name":"wp","href":"https:\/\/api.w.org\/{rel}","templated":true}]}}