{"id":14,"date":"2024-07-09T18:20:28","date_gmt":"2024-07-09T16:20:28","guid":{"rendered":"http:\/\/www.aneasante.fr\/?page_id=14"},"modified":"2024-09-13T12:19:09","modified_gmt":"2024-09-13T10:19:09","slug":"contact","status":"publish","type":"page","link":"https:\/\/www.aneasante.fr\/index.php\/contact\/","title":{"rendered":"Contact"},"content":{"rendered":"\n<h3 class=\"wp-block-heading\"><br>Contactez-nous<\/h3>\n\n\n\n<p>Nous sommes \u00e0 votre \u00e9coute pour r\u00e9pondre \u00e0 toutes vos questions et vous fournir les informations dont vous avez besoin. Que ce soit pour en savoir plus sur nos services, discuter de vos besoins sp\u00e9cifiques en mati\u00e8re de soins \u00e0 domicile, ou pour toute autre demande, n&rsquo;h\u00e9sitez pas \u00e0 nous contacter.<\/p>\n\n\n\n<div class=\"wpcf7 no-js\" id=\"wpcf7-f258-o1\" lang=\"fr-FR\" dir=\"ltr\" data-wpcf7-id=\"258\">\n<div class=\"screen-reader-response\"><p role=\"status\" aria-live=\"polite\" aria-atomic=\"true\"><\/p> <ul><\/ul><\/div>\n<form action=\"\/index.php\/wp-json\/wp\/v2\/pages\/14#wpcf7-f258-o1\" method=\"post\" class=\"wpcf7-form init\" aria-label=\"Formulaire de contact\" enctype=\"multipart\/form-data\" novalidate=\"novalidate\" data-status=\"init\">\n<fieldset class=\"hidden-fields-container\"><input type=\"hidden\" name=\"_wpcf7\" value=\"258\" \/><input type=\"hidden\" name=\"_wpcf7_version\" value=\"6.1.5\" \/><input type=\"hidden\" name=\"_wpcf7_locale\" value=\"fr_FR\" \/><input type=\"hidden\" name=\"_wpcf7_unit_tag\" value=\"wpcf7-f258-o1\" \/><input type=\"hidden\" name=\"_wpcf7_container_post\" value=\"0\" \/><input type=\"hidden\" name=\"_wpcf7_posted_data_hash\" value=\"\" \/>\n<\/fieldset>\n<p><label for=\"first_name\">Pr\u00e9nom :<\/label><br \/>\n<span class=\"wpcf7-form-control-wrap\" data-name=\"first_name\"><input size=\"40\" maxlength=\"400\" class=\"wpcf7-form-control wpcf7-text wpcf7-validates-as-required\" aria-required=\"true\" aria-invalid=\"false\" value=\"\" type=\"text\" name=\"first_name\" \/><\/span>\n<\/p>\n<p><label for=\"last_name\">Nom :<\/label><br \/>\n<span class=\"wpcf7-form-control-wrap\" data-name=\"last_name\"><input size=\"40\" maxlength=\"400\" class=\"wpcf7-form-control wpcf7-text wpcf7-validates-as-required\" aria-required=\"true\" aria-invalid=\"false\" value=\"\" type=\"text\" name=\"last_name\" \/><\/span>\n<\/p>\n<p><label for=\"email\">Email :<\/label><br \/>\n<span class=\"wpcf7-form-control-wrap\" data-name=\"email\"><input size=\"40\" maxlength=\"400\" class=\"wpcf7-form-control wpcf7-email wpcf7-validates-as-required wpcf7-text wpcf7-validates-as-email\" aria-required=\"true\" aria-invalid=\"false\" value=\"\" type=\"email\" name=\"email\" \/><\/span>\n<\/p>\n<p><label for=\"phone\">T\u00e9l\u00e9phone :<\/label><br \/>\n<span class=\"wpcf7-form-control-wrap\" data-name=\"phone\"><input size=\"40\" maxlength=\"400\" class=\"wpcf7-form-control wpcf7-tel wpcf7-validates-as-required wpcf7-text wpcf7-validates-as-tel\" aria-required=\"true\" aria-invalid=\"false\" value=\"\" type=\"tel\" name=\"phone\" \/><\/span>\n<\/p>\n<p><label for=\"subject\">Objet :<\/label><br \/>\n<span class=\"wpcf7-form-control-wrap\" data-name=\"subject\"><select class=\"wpcf7-form-control wpcf7-select wpcf7-validates-as-required\" aria-required=\"true\" aria-invalid=\"false\" name=\"subject\"><option value=\"Demande d&#039;information\">Demande d&#039;information<\/option><option value=\"Candidature spontan\u00e9e\">Candidature spontan\u00e9e<\/option><option value=\"Planification d&#039;entretien\">Planification d&#039;entretien<\/option><option value=\"Suivi de candidature\">Suivi de candidature<\/option><option value=\"Autre\">Autre<\/option><\/select><\/span>\n<\/p>\n<p><label for=\"position\">Poste souhait\u00e9 :<\/label><br \/>\n<span class=\"wpcf7-form-control-wrap\" data-name=\"position\"><input size=\"40\" maxlength=\"400\" class=\"wpcf7-form-control wpcf7-text wpcf7-validates-as-required\" aria-required=\"true\" aria-invalid=\"false\" value=\"\" type=\"text\" name=\"position\" \/><\/span>\n<\/p>\n<p><label for=\"message\">Message :<\/label><br \/>\n<span class=\"wpcf7-form-control-wrap\" data-name=\"message\"><textarea cols=\"40\" rows=\"10\" maxlength=\"2000\" class=\"wpcf7-form-control wpcf7-textarea wpcf7-validates-as-required\" aria-required=\"true\" aria-invalid=\"false\" name=\"message\"><\/textarea><\/span>\n<\/p>\n<p><label for=\"cv\">T\u00e9l\u00e9chargez votre CV :<\/label><br \/>\n<span class=\"wpcf7-form-control-wrap\" data-name=\"cv\"><input size=\"40\" class=\"wpcf7-form-control wpcf7-file wpcf7-validates-as-required\" accept=\".pdf,.doc,.docx,.txt\" aria-required=\"true\" aria-invalid=\"false\" type=\"file\" name=\"cv\" \/><\/span>\n<\/p>\n<p><div id=\"cf7sr-69ecbfe43e8ae\" class=\"cf7sr-g-hcaptcha\" data-theme=\"light\" data-size=\"normal\" data-sitekey=\"b8323114-8f6e-488c-94d6-db32a3ee9cd6\"><\/div><span class=\"wpcf7-form-control-wrap cf7sr-hcaptcha\" data-name=\"cf7sr-hcaptcha\"><input type=\"hidden\" name=\"cf7sr-hcaptcha\" value=\"\" class=\"wpcf7-form-control\"><\/span>\n<\/p>\n<p><input class=\"wpcf7-form-control wpcf7-submit has-spinner\" type=\"submit\" value=\"Envoyer\" \/>\n<\/p><p style=\"display: none !important;\" class=\"akismet-fields-container\" data-prefix=\"_wpcf7_ak_\"><label>&#916;<textarea name=\"_wpcf7_ak_hp_textarea\" cols=\"45\" rows=\"8\" maxlength=\"100\"><\/textarea><\/label><input type=\"hidden\" id=\"ak_js_1\" name=\"_wpcf7_ak_js\" value=\"215\"\/><script type=\"text\/javascript\">\n\/* <![CDATA[ *\/\ndocument.getElementById( \"ak_js_1\" ).setAttribute( \"value\", ( new Date() ).getTime() );\n\/* ]]> *\/\n<\/script>\n<\/p><div class=\"wpcf7-response-output\" aria-hidden=\"true\"><\/div>\n<\/form>\n<\/div>\n\n\n\n\n<h4 class=\"wp-block-heading\"><\/h4>\n\n\n\n<div class=\"wp-block-group\"><div class=\"wp-block-group__inner-container is-layout-constrained wp-block-group-is-layout-constrained\">\n<h4 class=\"wp-block-heading\">ANEA SANT\u00c9<\/h4>\n\n\n\n<p><a href=\"https:\/\/www.google.com\/maps\/place\/\/data=!4m2!3m1!1s0x47e67b1dd5fc9235:0xe172ebbfe77d66e3?sa=X&amp;ved=1t:8290&amp;ictx=111\" target=\"_blank\" rel=\"noreferrer noopener\">Pass. des \u00c9tangs, 92320 Ch\u00e2tillon<\/a><br><a href=\"mailto:contact@aneasante.fr\">contact@aneasante.fr<\/a><\/p>\n<\/div><\/div>\n\n\n\n<ul class=\"wp-block-social-links aligncenter has-normal-icon-size is-content-justification-left is-layout-flex wp-container-core-social-links-is-layout-fdcfc74e wp-block-social-links-is-layout-flex\"><li class=\"wp-social-link wp-social-link-linkedin  wp-block-social-link\"><a href=\"https:\/\/www.linkedin.com\/company\/anea\" class=\"wp-block-social-link-anchor\"><svg width=\"24\" height=\"24\" viewBox=\"0 0 24 24\" version=\"1.1\" xmlns=\"http:\/\/www.w3.org\/2000\/svg\" aria-hidden=\"true\" focusable=\"false\"><path d=\"M19.7,3H4.3C3.582,3,3,3.582,3,4.3v15.4C3,20.418,3.582,21,4.3,21h15.4c0.718,0,1.3-0.582,1.3-1.3V4.3 C21,3.582,20.418,3,19.7,3z M8.339,18.338H5.667v-8.59h2.672V18.338z M7.004,8.574c-0.857,0-1.549-0.694-1.549-1.548 c0-0.855,0.691-1.548,1.549-1.548c0.854,0,1.547,0.694,1.547,1.548C8.551,7.881,7.858,8.574,7.004,8.574z M18.339,18.338h-2.669 v-4.177c0-0.996-0.017-2.278-1.387-2.278c-1.389,0-1.601,1.086-1.601,2.206v4.249h-2.667v-8.59h2.559v1.174h0.037 c0.356-0.675,1.227-1.387,2.526-1.387c2.703,0,3.203,1.779,3.203,4.092V18.338z\"><\/path><\/svg><span class=\"wp-block-social-link-label screen-reader-text\">LinkedIn<\/span><\/a><\/li><\/ul>\n","protected":false},"excerpt":{"rendered":"<p>Contactez-nous Nous sommes \u00e0 votre \u00e9coute pour r\u00e9pondre \u00e0 toutes vos questions et vous fournir les informations dont vous avez besoin. Que ce soit pour en savoir plus sur nos services, discuter de vos besoins sp\u00e9cifiques en mati\u00e8re de soins \u00e0 domicile, ou pour toute autre demande, n&rsquo;h\u00e9sitez pas \u00e0 nous contacter. ANEA SANT\u00c9 Pass. [&hellip;]<\/p>\n","protected":false},"author":1,"featured_media":0,"parent":0,"menu_order":0,"comment_status":"closed","ping_status":"closed","template":"","meta":{"inline_featured_image":false,"footnotes":""},"class_list":["post-14","page","type-page","status-publish","hentry"],"_links":{"self":[{"href":"https:\/\/www.aneasante.fr\/index.php\/wp-json\/wp\/v2\/pages\/14","targetHints":{"allow":["GET"]}}],"collection":[{"href":"https:\/\/www.aneasante.fr\/index.php\/wp-json\/wp\/v2\/pages"}],"about":[{"href":"https:\/\/www.aneasante.fr\/index.php\/wp-json\/wp\/v2\/types\/page"}],"author":[{"embeddable":true,"href":"https:\/\/www.aneasante.fr\/index.php\/wp-json\/wp\/v2\/users\/1"}],"replies":[{"embeddable":true,"href":"https:\/\/www.aneasante.fr\/index.php\/wp-json\/wp\/v2\/comments?post=14"}],"version-history":[{"count":13,"href":"https:\/\/www.aneasante.fr\/index.php\/wp-json\/wp\/v2\/pages\/14\/revisions"}],"predecessor-version":[{"id":608,"href":"https:\/\/www.aneasante.fr\/index.php\/wp-json\/wp\/v2\/pages\/14\/revisions\/608"}],"wp:attachment":[{"href":"https:\/\/www.aneasante.fr\/index.php\/wp-json\/wp\/v2\/media?parent=14"}],"curies":[{"name":"wp","href":"https:\/\/api.w.org\/{rel}","templated":true}]}}