{"id":17,"date":"2024-07-09T18:20:28","date_gmt":"2024-07-09T16:20:28","guid":{"rendered":"http:\/\/www.aneasante.fr\/?page_id=17"},"modified":"2024-09-13T12:00:15","modified_gmt":"2024-09-13T10:00:15","slug":"nos-metiers","status":"publish","type":"page","link":"https:\/\/www.aneasante.fr\/index.php\/nos-metiers\/","title":{"rendered":"Nos m\u00e9tiers"},"content":{"rendered":"\n<br><h1 class=\"wp-block-heading has-x-large-font-size\">ANEA est Coordinateur de Sant\u00e9 \u00e0 Domicile multi-sp\u00e9cialiste. <em style=\"font-size:10px\">(Membre de la <a href=\"https:\/\/www.fedepsad.fr\/index.php\" target=\"_blank\" rel=\"noreferrer noopener\">FEDEPSAD )<\/a><\/em><\/h1>\n\n\n\n<p class=\"has-medium-font-size\"><em><a href=\"https:\/\/www.fedepsad.fr\/index.php\" target=\"_blank\" rel=\"noreferrer noopener\"><img loading=\"lazy\" decoding=\"async\" width=\"150\" height=\"94\" class=\"wp-image-559\" style=\"width: 150px;\" src=\"http:\/\/www.aneasante.fr\/wp-content\/uploads\/2024\/08\/psad-logo.svg\" alt=\"\"><\/a><\/em><br><br>Notre organisation permet \u00e0 nos \u00e9quipes de d\u00e9velopper des expertises de pointe sur les aires th\u00e9rapeutiques suivantes&nbsp;:<\/p>\n\n\n\n<p><strong>Oncologie \ud83c\udf97\ufe0f<\/strong>&nbsp;: Connaissance approfondie des types de cancers, de leurs m\u00e9canismes et de leur traitements et aptitude \u00e0 soutenir \u00e9motionnellement nos patients et leurs proches<\/p>\n\n\n\n<p><strong>G\u00e9riatrie \ud83d\udc75<\/strong>&nbsp;: Approche holistique par la compr\u00e9hension des processus de vieillissement, la sensibilit\u00e9 aux aspects \u00e9thiques du soin et l\u2019accompagnement partag\u00e9 de la fin de vie.<\/p>\n\n\n\n<p><strong>Urgences \ud83d\ude91<\/strong>&nbsp;: Gestion int\u00e9grale des maintiens \u00e0 domicile difficile au travers une m\u00e9thodologie combinant le management du risque infectieux et l\u2019accompagnement vers les aides sociales.<\/p>\n\n\n\n<p><strong>Immunoth\u00e9rapie \ud83d\udc89<\/strong>&nbsp;: D\u00e9ploiement d\u2019un plan de soins personnalis\u00e9 hybride entre une formation pratique au domicile sur l\u2019\u00e9ducation vers le confort du traitement, le suivi des param\u00e8tres vitaux \u00e0 distance et le soutien logistique.<\/p>\n\n\n\n<p><strong>Chirurgie ambulatoire \ud83d\udecc<\/strong>&nbsp;: La cellule nationale d\u00e9di\u00e9e \u00e0 la gestion des patients post-op\u00e9ration ambulatoire \u0153uvre \u00e0 la gestion de sa douleur et au r\u00e9tablissement rapide ses capacit\u00e9s apr\u00e8s chirurgie.<\/p>\n\n\n\n<p><strong>Apn\u00e9e du sommeil \ud83d\ude34<\/strong>&nbsp;: Nos coach du sommeil installent, r\u00e8glent et entretiennent les appareils \u00e0 pression positive continue dans l\u2019optique d\u2019am\u00e9liorer les habitudes et la qualit\u00e9 du sommeil des patients.<\/p>\n\n\n\n<p><br><strong>Rejoignez-nous<\/strong> :<\/p>\n\n\n\n<p>Si vous \u00eates passionn\u00e9 par les soins de sant\u00e9 et souhaitez faire partie d&rsquo;une \u00e9quipe engag\u00e9e et inspirante, visitez notre page de recrutement pour explorer les opportunit\u00e9s de carri\u00e8re chez ANEA Sant\u00e9. Ensemble, continuons \u00e0 faire la diff\u00e9rence pour nos patients.<\/p>\n\n\n\n<div class=\"wp-block-eds-animate-it-block eds-animate-block-save\"><div class=\"eds-animate animated   \" data-eds-entry-animation=\"pulse\" data-eds-entry-delay=\"0.5\" data-eds-entry-duration=\"0.5\" data-eds-entry-timing=\"linear\" data-eds-exit-animation=\"\" data-eds-exit-delay=\"1.5\" data-eds-exit-duration=\"0.5\" data-eds-exit-timing=\"linear\" data-eds-repeat-count=\"2\" data-eds-keep=\"no\" data-eds-animate-on=\"hover\" data-eds-scroll-offset=\"\">\n<h3 class=\"wp-block-heading has-text-align-center ctaheader has-black-color has-text-color has-link-color has-medium-font-size wp-elements-a411529e7175f2d0edb12ed09b808146\">&gt;&gt; <a href=\"http:\/\/www.aneasante.fr\/index.php\/nos-offres\/\" data-type=\"page\" data-id=\"16\">D\u00e9couvrez nos offres d&#8217;emplois<\/a> &lt;&lt;<\/h3>\n<\/div><\/div>\n","protected":false},"excerpt":{"rendered":"<p>ANEA est Coordinateur de Sant\u00e9 \u00e0 Domicile multi-sp\u00e9cialiste. (Membre de la FEDEPSAD ) Notre organisation permet \u00e0 nos \u00e9quipes de d\u00e9velopper des expertises de pointe sur les aires th\u00e9rapeutiques suivantes&nbsp;: Oncologie \ud83c\udf97\ufe0f&nbsp;: Connaissance approfondie des types de cancers, de leurs m\u00e9canismes et de leur traitements et aptitude \u00e0 soutenir \u00e9motionnellement nos patients et leurs proches [&hellip;]<\/p>\n","protected":false},"author":1,"featured_media":0,"parent":0,"menu_order":0,"comment_status":"closed","ping_status":"closed","template":"","meta":{"inline_featured_image":false,"footnotes":""},"class_list":["post-17","page","type-page","status-publish","hentry"],"_links":{"self":[{"href":"https:\/\/www.aneasante.fr\/index.php\/wp-json\/wp\/v2\/pages\/17","targetHints":{"allow":["GET"]}}],"collection":[{"href":"https:\/\/www.aneasante.fr\/index.php\/wp-json\/wp\/v2\/pages"}],"about":[{"href":"https:\/\/www.aneasante.fr\/index.php\/wp-json\/wp\/v2\/types\/page"}],"author":[{"embeddable":true,"href":"https:\/\/www.aneasante.fr\/index.php\/wp-json\/wp\/v2\/users\/1"}],"replies":[{"embeddable":true,"href":"https:\/\/www.aneasante.fr\/index.php\/wp-json\/wp\/v2\/comments?post=17"}],"version-history":[{"count":42,"href":"https:\/\/www.aneasante.fr\/index.php\/wp-json\/wp\/v2\/pages\/17\/revisions"}],"predecessor-version":[{"id":584,"href":"https:\/\/www.aneasante.fr\/index.php\/wp-json\/wp\/v2\/pages\/17\/revisions\/584"}],"wp:attachment":[{"href":"https:\/\/www.aneasante.fr\/index.php\/wp-json\/wp\/v2\/media?parent=17"}],"curies":[{"name":"wp","href":"https:\/\/api.w.org\/{rel}","templated":true}]}}