{"id":2,"date":"2024-07-09T17:46:18","date_gmt":"2024-07-09T15:46:18","guid":{"rendered":"http:\/\/www.aneasante.fr\/?page_id=2"},"modified":"2026-01-03T14:35:47","modified_gmt":"2026-01-03T13:35:47","slug":"page-d-exemple","status":"publish","type":"page","link":"https:\/\/www.aneasante.fr\/","title":{"rendered":"Bienvenue chez vous"},"content":{"rendered":"\n<div class=\"wp-block-cover alignfull soindomicileheader\" style=\"min-height:920px;aspect-ratio:unset;\"><img loading=\"lazy\" decoding=\"async\" width=\"1000\" height=\"667\" class=\"wp-block-cover__image-background wp-image-76\" alt=\"\" src=\"http:\/\/www.aneasante.fr\/wp-content\/uploads\/2024\/07\/soin-a-domicile-photo-header2.jpg\" style=\"object-position:50% 0%\" data-object-fit=\"cover\" data-object-position=\"50% 0%\" srcset=\"https:\/\/www.aneasante.fr\/wp-content\/uploads\/2024\/07\/soin-a-domicile-photo-header2.jpg 1000w, https:\/\/www.aneasante.fr\/wp-content\/uploads\/2024\/07\/soin-a-domicile-photo-header2-300x200.jpg 300w, https:\/\/www.aneasante.fr\/wp-content\/uploads\/2024\/07\/soin-a-domicile-photo-header2-768x512.jpg 768w\" sizes=\"auto, (max-width: 1000px) 100vw, 1000px\" \/><span aria-hidden=\"true\" class=\"wp-block-cover__background has-white-background-color has-background-dim-0 has-background-dim\"><\/span><div class=\"wp-block-cover__inner-container is-layout-constrained wp-block-cover-is-layout-constrained\"><div class=\"wp-block-image\">\n<figure class=\"aligncenter size-full is-resized\"><img decoding=\"async\" src=\"http:\/\/www.aneasante.fr\/wp-content\/uploads\/2024\/09\/Logo-anea-sante-Vert.png\" alt=\"\" class=\"wp-image-610\" style=\"width:678px;height:auto\"\/><\/figure>\n<\/div>\n\n\n<div style=\"height:100px\" aria-hidden=\"true\" class=\"wp-block-spacer\"><\/div>\n\n\n\n<h2 class=\"wp-block-heading has-text-align-center has-white-color has-text-color has-link-color has-large-font-size wp-elements-02b1802a8998b79d67ee0bb9266fe0ad\">\u00ab\u00a0Votre bien-\u00eatre, notre raison d&rsquo;\u00eatre\u00a0\u00bb<\/h2>\n\n\n\n<div class=\"wp-block-eds-animate-it-block eds-animate-block-save\"><div class=\"eds-animate animated   \" data-eds-entry-animation=\"pulse\" data-eds-entry-delay=\"0.5\" data-eds-entry-duration=\"0.5\" data-eds-entry-timing=\"linear\" data-eds-exit-animation=\"\" data-eds-exit-delay=\"1.5\" data-eds-exit-duration=\"0.5\" data-eds-exit-timing=\"linear\" data-eds-repeat-count=\"2\" data-eds-keep=\"no\" data-eds-animate-on=\"hover\" data-eds-scroll-offset=\"\">\n<h3 class=\"wp-block-heading has-text-align-center ctaheader has-medium-font-size\">&gt;&gt; <a href=\"http:\/\/www.aneasante.fr\/index.php\/nos-offres\/\" data-type=\"page\" data-id=\"16\">Envie de nous rejoindre, d\u00e9couvrez nos offres d&#8217;emplois<\/a> &lt;&lt;<\/h3>\n\n\n\n<h3 class=\"wp-block-heading has-text-align-center ctaheader has-medium-font-size\">>> <a href=\"http:\/\/www.aneasante.fr\/index.php\/contact-patient\" data-type=\"page\" data-id=\"16\">Je suis patient<\/a> &lt;&lt;<\/h3>\n<\/div><\/div>\n<\/div><\/div>\n\n\n\n<div class=\"wp-block-media-text alignfull has-media-on-the-right is-stacked-on-mobile is-vertically-aligned-center is-image-fill-element soindomicileheader contenueblock\"><div class=\"wp-block-media-text__content\">\n<div class=\"wp-block-group\" style=\"padding-top:2em;padding-right:2em;padding-bottom:2em;padding-left:2em\"><div class=\"wp-block-group__inner-container is-layout-flow wp-block-group-is-layout-flow\">\n<h2 class=\"wp-block-heading has-text-align-left\" style=\"color:#4472C3\">Qui<span style=\"opacity:0.7\"> sommes-nous ?<\/span><\/h2>\n\n\n\n<p style=\"font-size:15px\">ANEA, nous sommes prestataire de sant\u00e9 \u00e0 domicile (PSAD), depuis 2016. Fond\u00e9 pour r\u00e9pondre \u00e0 une exp\u00e9rience personnelle d\u00e9cevante avec les PSAD majeurs, nous avons d\u00e9cid\u00e9 de r\u00e9volutionner les prises en charge.<br>Nous offrons une prise en charge compl\u00e8te, personnalis\u00e9e et s\u00e9curis\u00e9e \u00e0 chaque patient.<br><br><strong>Notre ambition&nbsp;?<\/strong> Devenir la r\u00e9f\u00e9rence nationale en prestation de sant\u00e9 \u00e0 domicile.<\/p>\n\n\n\n<div class=\"wp-block-buttons is-layout-flex wp-block-buttons-is-layout-flex\">\n<div class=\"wp-block-button is-style-outline is-style-outline--1\"><a class=\"wp-block-button__link has-small-font-size has-custom-font-size wp-element-button\" href=\"http:\/\/www.aneasante.fr\/index.php\/anea-sante\/\">En savoir plus<\/a><\/div>\n<\/div>\n<\/div><\/div>\n<\/div><figure class=\"wp-block-media-text__media\"><img loading=\"lazy\" decoding=\"async\" width=\"1024\" height=\"683\" src=\"http:\/\/www.aneasante.fr\/wp-content\/uploads\/2024\/07\/senior-couple-holding-hands-2-1024x683.jpg\" alt=\"\" class=\"wp-image-187 size-full\" style=\"object-position:50% 50%\" srcset=\"https:\/\/www.aneasante.fr\/wp-content\/uploads\/2024\/07\/senior-couple-holding-hands-2-1024x683.jpg 1024w, https:\/\/www.aneasante.fr\/wp-content\/uploads\/2024\/07\/senior-couple-holding-hands-2-300x200.jpg 300w, https:\/\/www.aneasante.fr\/wp-content\/uploads\/2024\/07\/senior-couple-holding-hands-2-768x512.jpg 768w, https:\/\/www.aneasante.fr\/wp-content\/uploads\/2024\/07\/senior-couple-holding-hands-2.jpg 1192w\" sizes=\"auto, (max-width: 1024px) 100vw, 1024px\" \/><\/figure><\/div>\n\n\n\n<div class=\"wp-block-media-text alignfull is-stacked-on-mobile is-vertically-aligned-center is-image-fill-element soindomicileheader contenueblock\"><figure class=\"wp-block-media-text__media\"><img loading=\"lazy\" decoding=\"async\" width=\"1024\" height=\"683\" src=\"http:\/\/www.aneasante.fr\/wp-content\/uploads\/2024\/07\/realistic-scene-with-elderly-car-1024x683.jpg\" alt=\"\" class=\"wp-image-183 size-full\" style=\"object-position:50% 50%\" srcset=\"https:\/\/www.aneasante.fr\/wp-content\/uploads\/2024\/07\/realistic-scene-with-elderly-car-1024x683.jpg 1024w, https:\/\/www.aneasante.fr\/wp-content\/uploads\/2024\/07\/realistic-scene-with-elderly-car-300x200.jpg 300w, https:\/\/www.aneasante.fr\/wp-content\/uploads\/2024\/07\/realistic-scene-with-elderly-car-768x512.jpg 768w, https:\/\/www.aneasante.fr\/wp-content\/uploads\/2024\/07\/realistic-scene-with-elderly-car-1536x1024.jpg 1536w, https:\/\/www.aneasante.fr\/wp-content\/uploads\/2024\/07\/realistic-scene-with-elderly-car.jpg 1680w\" sizes=\"auto, (max-width: 1024px) 100vw, 1024px\" \/><\/figure><div class=\"wp-block-media-text__content\">\n<div class=\"wp-block-group\" style=\"padding-top:2em;padding-right:2em;padding-bottom:2em;padding-left:2em\"><div class=\"wp-block-group__inner-container is-layout-flow wp-block-group-is-layout-flow\">\n<h2 class=\"wp-block-heading has-text-align-left\" style=\"color:#4472C3\">Nos<span style=\"opacity:0.7\"> expertises<\/span><\/h2>\n\n\n\n<p style=\"font-size:15px;line-height:1.2\">Chez ANEA, nous mettons notre savoir-faire et notre engagement au service de vos besoins en soins \u00e0 domicile. Nos domaines d\u2019expertises couvrent deux axes principaux&nbsp;:<\/p>\n\n\n\n<p style=\"font-size:15px;line-height:1.2\"><strong>Perfusion et Nutrition Artificielle<\/strong><br>Nous offrons des solutions de prises en charge adapt\u00e9es \u00e0 des sp\u00e9cialit\u00e9s vari\u00e9es telles que l\u2019oncologie, la g\u00e9riatrie, l\u2019immunologie et la chirurgie ambulatoire.<br><\/p>\n\n\n\n<p style=\"font-size:15px;line-height:1.2\"><strong>Soins Respiratoire<br><\/strong>Nous sommes \u00e9galement experts dans le traitement de l\u2019apn\u00e9e du sommeil. Gr\u00e2ce \u00e0 des dispositifs modernes et un accompagnement sur mesure, nous aidons nos patients \u00e0 am\u00e9liorer leur qualit\u00e9 de vie en r\u00e9duisant les troubles respiratoires nocturnes.<\/p>\n\n\n\n<div class=\"wp-block-buttons is-layout-flex wp-block-buttons-is-layout-flex\">\n<div class=\"wp-block-button is-style-outline is-style-outline--2\"><a class=\"wp-block-button__link has-small-font-size has-custom-font-size wp-element-button\" href=\"http:\/\/www.aneasante.fr\/index.php\/nos-metiers\/\">En savoir plus<\/a><\/div>\n<\/div>\n<\/div><\/div>\n<\/div><\/div>\n\n\n\n<div class=\"wp-block-media-text alignfull has-media-on-the-right is-stacked-on-mobile is-vertically-aligned-center is-image-fill-element soindomicileheader contenueblock\" style=\"grid-template-columns:auto 38%\"><div class=\"wp-block-media-text__content\">\n<div class=\"wp-block-group\" style=\"padding-top:2em;padding-right:2em;padding-bottom:2em;padding-left:2em\"><div class=\"wp-block-group__inner-container is-layout-flow wp-block-group-is-layout-flow\">\n<h2 class=\"wp-block-heading has-text-align-left\" style=\"color:#4472C3\">Nous<span style=\"opacity:0.7\"> rejoindre<\/span><\/h2>\n\n\n\n<p style=\"font-size:15px\">Nos m\u00e9tiers incluent des D\u00e9l\u00e9gu\u00e9s Hospitaliers (DH), des Infirmiers Dipl\u00f4m\u00e9s d&rsquo;\u00c9tat Coordinateurs (IDEC), des Di\u00e9t\u00e9ticiens et des M\u00e9dico-techniciens, tous essentiels pour garantir des soins \u00e0 domicile de qualit\u00e9. Consultez r\u00e9guli\u00e8rement nos offres d\u2019emploi pour rejoindre une \u00e9quipe d\u00e9vou\u00e9e et passionn\u00e9e.<\/p>\n\n\n\n<div class=\"wp-block-buttons is-layout-flex wp-block-buttons-is-layout-flex\">\n<div class=\"wp-block-button is-style-outline is-style-outline--3\"><a class=\"wp-block-button__link has-small-font-size has-custom-font-size wp-element-button\" href=\"http:\/\/www.aneasante.fr\/index.php\/nos-offres\/\">Rejoignez-nous<\/a><\/div>\n<\/div>\n<\/div><\/div>\n<\/div><figure class=\"wp-block-media-text__media\"><img loading=\"lazy\" decoding=\"async\" width=\"300\" height=\"400\" src=\"http:\/\/www.aneasante.fr\/wp-content\/uploads\/2024\/07\/Design-sans-titre-2-edited.png\" alt=\"\" class=\"wp-image-223 size-full\" style=\"object-position:50% 50%\" srcset=\"https:\/\/www.aneasante.fr\/wp-content\/uploads\/2024\/07\/Design-sans-titre-2-edited.png 300w, https:\/\/www.aneasante.fr\/wp-content\/uploads\/2024\/07\/Design-sans-titre-2-edited-225x300.png 225w\" sizes=\"auto, (max-width: 300px) 100vw, 300px\" \/><\/figure><\/div>\n","protected":false},"excerpt":{"rendered":"","protected":false},"author":1,"featured_media":0,"parent":0,"menu_order":0,"comment_status":"closed","ping_status":"open","template":"","meta":{"inline_featured_image":false,"footnotes":""},"class_list":["post-2","page","type-page","status-publish","hentry"],"_links":{"self":[{"href":"https:\/\/www.aneasante.fr\/index.php\/wp-json\/wp\/v2\/pages\/2","targetHints":{"allow":["GET"]}}],"collection":[{"href":"https:\/\/www.aneasante.fr\/index.php\/wp-json\/wp\/v2\/pages"}],"about":[{"href":"https:\/\/www.aneasante.fr\/index.php\/wp-json\/wp\/v2\/types\/page"}],"author":[{"embeddable":true,"href":"https:\/\/www.aneasante.fr\/index.php\/wp-json\/wp\/v2\/users\/1"}],"replies":[{"embeddable":true,"href":"https:\/\/www.aneasante.fr\/index.php\/wp-json\/wp\/v2\/comments?post=2"}],"version-history":[{"count":146,"href":"https:\/\/www.aneasante.fr\/index.php\/wp-json\/wp\/v2\/pages\/2\/revisions"}],"predecessor-version":[{"id":668,"href":"https:\/\/www.aneasante.fr\/index.php\/wp-json\/wp\/v2\/pages\/2\/revisions\/668"}],"wp:attachment":[{"href":"https:\/\/www.aneasante.fr\/index.php\/wp-json\/wp\/v2\/media?parent=2"}],"curies":[{"name":"wp","href":"https:\/\/api.w.org\/{rel}","templated":true}]}}